{"id":1691,"date":"2023-01-05T15:45:47","date_gmt":"2023-01-05T14:45:47","guid":{"rendered":"https:\/\/torebodablomkrukor.com\/?post_type=product&#038;p=1691"},"modified":"2024-10-03T13:25:43","modified_gmt":"2024-10-03T11:25:43","slug":"tyska-lerkrukor","status":"publish","type":"product","link":"https:\/\/torebodablomkrukor.com\/en\/product\/tyska-lerkrukor\/","title":{"rendered":"Tyska lerkrukor"},"content":{"rendered":"<p class=\"MsoNormal\" style=\"margin-bottom: 0cm\" data-mce-style=\"margin-bottom: 0cm;\">Mer info: Krukorna har dr\u00e4nerings h\u00e5l. Fat som passar till \u00e4r v\u00e5r rekommendation.<\/p>\n<p class=\"MsoNormal\" style=\"margin-bottom: 0cm\" data-mce-style=\"margin-bottom: 0cm;\">Storlek och f\u00e4rg kan variera p g a br\u00e4nningen.<\/p>\n<p><strong>Storlek:<\/strong> 4 cm &#8211; 18 cm<\/p>\n<p><strong>Inv.dm:<\/strong> 4 cm &#8211; 18 cm, <strong>yttre.dm:<\/strong> 4,8 cm &#8211; 20 cm,<strong> botten:<\/strong> 2,7 cm &#8211; 11,5 cm, <strong>h\u00f6jd: <\/strong>4 cm &#8211; 17 cm<\/p>\n<p><strong>Fat som passar till:<\/strong> <a href=\"https:\/\/torebodablomkrukor.com\/en\/product\/fat-behandlade-bruna\/\" data-mce-href=\"https:\/\/torebodablomkrukor.com\/produkt\/fat-behandlade-bruna\/\">nr 0 &#8211; 5 brun, glaserat<\/a> eller <a href=\"https:\/\/torebodablomkrukor.com\/en\/product\/fat-invandigt-glaserad-transparent\/\" data-mce-href=\"https:\/\/torebodablomkrukor.com\/produkt\/fat-invandigt-glaserad-transparent\/\">6 cm &#8211; 16 cm inv. transparent<\/a><\/p>","protected":false},"excerpt":{"rendered":"<p class=\"MsoNormal\" style=\"margin-bottom: 0cm\" data-mce-style=\"margin-bottom: 0cm;\">Klassisk lerkruka. <strong>Fat ing\u00e5r EJ.<\/strong><\/p>","protected":false},"featured_media":326,"comment_status":"open","ping_status":"closed","template":"","meta":{"_et_pb_use_builder":"","_et_pb_old_content":"","_et_gb_content_width":""},"product_brand":[],"product_cat":[54],"product_tag":[202],"class_list":{"0":"post-1691","1":"product","2":"type-product","3":"status-publish","4":"has-post-thumbnail","6":"product_cat-leverans","7":"product_tag-blomkrukor","8":"pa_storlek-10-cm","9":"pa_storlek-11-cm","10":"pa_storlek-12-cm","11":"pa_storlek-13-cm","12":"pa_storlek-14-cm","13":"pa_storlek-15-cm","14":"pa_storlek-16-cm","15":"pa_storlek-18-cm","16":"pa_storlek-4cm","17":"pa_storlek-5cm","18":"pa_storlek-6cm","19":"pa_storlek-8-cm","20":"pa_storlek-9-cm","22":"first","23":"instock","24":"taxable","25":"shipping-taxable","26":"purchasable","27":"product-type-variable"},"_links":{"self":[{"href":"https:\/\/torebodablomkrukor.com\/en\/wp-json\/wp\/v2\/product\/1691","targetHints":{"allow":["GET"]}}],"collection":[{"href":"https:\/\/torebodablomkrukor.com\/en\/wp-json\/wp\/v2\/product"}],"about":[{"href":"https:\/\/torebodablomkrukor.com\/en\/wp-json\/wp\/v2\/types\/product"}],"replies":[{"embeddable":true,"href":"https:\/\/torebodablomkrukor.com\/en\/wp-json\/wp\/v2\/comments?post=1691"}],"wp:featuredmedia":[{"embeddable":true,"href":"https:\/\/torebodablomkrukor.com\/en\/wp-json\/wp\/v2\/media\/326"}],"wp:attachment":[{"href":"https:\/\/torebodablomkrukor.com\/en\/wp-json\/wp\/v2\/media?parent=1691"}],"wp:term":[{"taxonomy":"product_brand","embeddable":true,"href":"https:\/\/torebodablomkrukor.com\/en\/wp-json\/wp\/v2\/product_brand?post=1691"},{"taxonomy":"product_cat","embeddable":true,"href":"https:\/\/torebodablomkrukor.com\/en\/wp-json\/wp\/v2\/product_cat?post=1691"},{"taxonomy":"product_tag","embeddable":true,"href":"https:\/\/torebodablomkrukor.com\/en\/wp-json\/wp\/v2\/product_tag?post=1691"}],"curies":[{"name":"wp","href":"https:\/\/api.w.org\/{rel}","templated":true}]}}